{"id":2605,"date":"2015-04-15T06:36:10","date_gmt":"2015-04-15T06:36:10","guid":{"rendered":"https:\/\/dev.cactusthemes.com\/newstube\/?page_id=2605"},"modified":"2019-05-03T14:51:15","modified_gmt":"2019-05-03T12:51:15","slug":"contact","status":"publish","type":"page","link":"https:\/\/www.scooteo.com\/roadbook\/contact\/","title":{"rendered":"CONTACT"},"content":{"rendered":"<div class=\"wpb-content-wrapper\"><p>[vc_row css=\u00a0\u00bb.vc_custom_1435915802013{margin-top: 50px !important;}\u00a0\u00bb][vc_column width=\u00a0\u00bb1\/3&Prime;][vc_column_text]<\/p>\n<h4>\u00c0 VOTRE \u00c9COUTE au 03 20 28 62 31.<\/h4>\n<p>Du lundi au vendredi de 9h \u00e0 12h et de 14h \u00e0 18h.<\/p>\n<p><i class=\"fa fa-envelope\"><\/i> contact@scooteo.com[\/vc_column_text][vc_raw_html]JTNDdWwlMjBjbGFzcyUzRCUyMnNvY2lhbC1saXN0aW5nJTIwbGlzdC1pbmxpbmUlMjBjaGFuZ2UtY29sb3IlMjIlM0UlMEElM0NsaSUyMGNsYXNzJTNEJTIyZmFjZWJvb2slMjIlM0UlMjAlMEElMDklM0NhJTIwcmVsJTNEJTIybm9mb2xsb3clMjIlMjB0YXJnZXQlM0QlMjJfYmxhbmslMjIlMjBocmVmJTNEJTIyJTIzJTIyJTIwdGl0bGUlM0QlMjJGYWNlYm9vayUyMiUyMGNsYXNzJTNEJTIydHJhc2l0aW9uLWFsbCUyMiUzRSUzQ2klMjBjbGFzcyUzRCUyMmZhJTIwZmEtZmFjZWJvb2slMjIlM0UlM0MlMkZpJTNFJTIwJTNDJTJGYSUzRSUwQSUzQyUyRmxpJTNFJTBBJTNDbGklMjBjbGFzcyUzRCUyMnR3aXR0ZXIlMjIlM0UlMjAlMEElMDklM0NhJTIwcmVsJTNEJTIybm9mb2xsb3clMjIlMjB0YXJnZXQlM0QlMjJfYmxhbmslMjIlMjBocmVmJTNEJTIyJTIzJTIyJTIwdGl0bGUlM0QlMjJUd2l0dGVyJTIyJTIwY2xhc3MlM0QlMjJ0cmFzaXRpb24tYWxsJTIyJTNFJTNDaSUyMGNsYXNzJTNEJTIyZmElMjBmYS10d2l0dGVyJTIyJTNFJTNDJTJGaSUzRSUyMCUzQyUyRmElM0UlMEElM0MlMkZsaSUzRSUwQSUzQ2xpJTIwY2xhc3MlM0QlMjJnb29nbGUtcGx1cyUyMiUzRSUyMCUwQSUwOSUzQ2ElMjByZWwlM0QlMjJub2ZvbGxvdyUyMiUyMHRhcmdldCUzRCUyMl9ibGFuayUyMiUyMGhyZWYlM0QlMjIlMjMlMjIlMjB0aXRsZSUzRCUyMkdvb2dsZSUyMFBsdXMlMjIlMjBjbGFzcyUzRCUyMnRyYXNpdGlvbi1hbGwlMjIlM0UlM0NpJTIwY2xhc3MlM0QlMjJmYSUyMGZhLWdvb2dsZS1wbHVzJTIyJTNFJTNDJTJGaSUzRSUyMCUzQyUyRmElM0UlMEElM0MlMkZsaSUzRSUwQSUzQ2xpJTIwY2xhc3MlM0QlMjJlbWFpbCUyMiUzRSUyMCUwQSUwOSUzQ2ElMjByZWwlM0QlMjJub2ZvbGxvdyUyMiUyMHRhcmdldCUzRCUyMl9ibGFuayUyMiUyMGhyZWYlM0QlMjIlMjMlMjIlMjB0aXRsZSUzRCUyMkVtYWlsJTIyJTIwY2xhc3MlM0QlMjJ0cmFzaXRpb24tYWxsJTIyJTNFJTNDaSUyMGNsYXNzJTNEJTIyZmElMjBmYS1lbnZlbG9wZSUyMiUzRSUzQyUyRmklM0UlMjAlM0MlMkZhJTNFJTBBJTNDJTJGbGklM0UlMEElM0MlMkZ1bCUzRQ==[\/vc_raw_html][\/vc_column][vc_column width=\u00a0\u00bb2\/3&Prime; css=\u00a0\u00bb.vc_custom_1435915753820{margin-top: -8px !important;padding-top: 0px !important;}\u00a0\u00bb]\n<div class=\"wpcf7 no-js\" id=\"wpcf7-f2516-o1\" lang=\"en-US\" dir=\"ltr\">\n<div class=\"screen-reader-response\"><p role=\"status\" aria-live=\"polite\" aria-atomic=\"true\"><\/p> <ul><\/ul><\/div>\n<form action=\"\/roadbook\/wp-json\/wp\/v2\/pages\/2605#wpcf7-f2516-o1\" method=\"post\" class=\"wpcf7-form init\" aria-label=\"Contact form\" novalidate=\"novalidate\" data-status=\"init\">\n<div style=\"display: none;\">\n<input type=\"hidden\" name=\"_wpcf7\" value=\"2516\" \/>\n<input type=\"hidden\" name=\"_wpcf7_version\" value=\"5.9.6\" \/>\n<input type=\"hidden\" name=\"_wpcf7_locale\" value=\"en_US\" \/>\n<input type=\"hidden\" name=\"_wpcf7_unit_tag\" value=\"wpcf7-f2516-o1\" \/>\n<input type=\"hidden\" name=\"_wpcf7_container_post\" value=\"0\" \/>\n<input type=\"hidden\" name=\"_wpcf7_posted_data_hash\" value=\"\" \/>\n<\/div>\n<p><label> Nom (requis)<br \/>\n<span class=\"wpcf7-form-control-wrap\" data-name=\"your-name\"><input size=\"40\" maxlength=\"80\" class=\"wpcf7-form-control wpcf7-text wpcf7-validates-as-required\" aria-required=\"true\" aria-invalid=\"false\" value=\"\" type=\"text\" name=\"your-name\" \/><\/span> <\/label>\n<\/p>\n<p><label> Email (requis)<br \/>\n<span class=\"wpcf7-form-control-wrap\" data-name=\"your-email\"><input size=\"40\" maxlength=\"80\" class=\"wpcf7-form-control wpcf7-email wpcf7-validates-as-required wpcf7-text wpcf7-validates-as-email\" aria-required=\"true\" aria-invalid=\"false\" value=\"\" type=\"email\" name=\"your-email\" \/><\/span> <\/label>\n<\/p>\n<p><label> Sujet<br \/>\n<span class=\"wpcf7-form-control-wrap\" data-name=\"your-subject\"><input size=\"40\" maxlength=\"80\" class=\"wpcf7-form-control wpcf7-text\" aria-invalid=\"false\" value=\"\" type=\"text\" name=\"your-subject\" \/><\/span> <\/label>\n<\/p>\n<p><label> Votre message<br \/>\n<span class=\"wpcf7-form-control-wrap\" data-name=\"your-message\"><textarea cols=\"40\" rows=\"10\" maxlength=\"400\" class=\"wpcf7-form-control wpcf7-textarea\" aria-invalid=\"false\" name=\"your-message\"><\/textarea><\/span> <\/label>\n<\/p>\n<p><input class=\"wpcf7-form-control wpcf7-submit has-spinner\" type=\"submit\" value=\"Envoyer\" \/>\n<\/p>\n<p>[recaptcha]\n<\/p><div class=\"wpcf7-response-output\" aria-hidden=\"true\"><\/div>\n<\/form>\n<\/div>\n[\/vc_column][\/vc_row][vc_row][vc_column][vc_column_text]Scooteo, responsable de traitement, collecte des donn\u00e9es pour faire suite \u00e0 votre demande de contact sur la base de votre consentement. Vos donn\u00e9es pourront \u00eatre transmises aux services de relation client.<\/p>\n<p>Vous pouvez exercer vos droits d\u2019acc\u00e8s, de rectification, de limitation, de portabilit\u00e9, de d\u00e9finition de directives anticip\u00e9es et d\u2019opposition au traitement de vos donn\u00e9es \u00e0 l\u2019adresse\u00a040 Avenue Cl\u00e9ment Ader \u2013 59.874 Wambrechies \u2013 France en joignant une copie de votre carte d\u2019identit\u00e9. \u00c0 tout moment vous pouvez introduire une r\u00e9clamation aupr\u00e8s de la CNIL[\/vc_column_text][\/vc_column][\/vc_row]<\/p>\n<\/div>","protected":false},"excerpt":{"rendered":"<p>[vc_row css=\u00a0\u00bb.vc_custom_1435915802013{margin-top: 50px !important;}\u00a0\u00bb][vc_column width=\u00a0\u00bb1\/3&Prime;][vc_column_text] \u00c0 VOTRE \u00c9COUTE au 03 20 28 62 31. Du lundi au vendredi de 9h \u00e0 12h et de 14h \u00e0 18h. contact@scooteo.com[\/vc_column_text][vc_raw_html]JTNDdWwlMjBjbGFzcyUzRCUyMnNvY2lhbC1saXN0aW5nJTIwbGlzdC1pbmxpbmUlMjBjaGFuZ2UtY29sb3IlMjIlM0UlMEElM0NsaSUyMGNsYXNzJTNEJTIyZmFjZWJvb2slMjIlM0UlMjAlMEElMDklM0NhJTIwcmVsJTNEJTIybm9mb2xsb3clMjIlMjB0YXJnZXQlM0QlMjJfYmxhbmslMjIlMjBocmVmJTNEJTIyJTIzJTIyJTIwdGl0bGUlM0QlMjJGYWNlYm9vayUyMiUyMGNsYXNzJTNEJTIydHJhc2l0aW9uLWFsbCUyMiUzRSUzQ2klMjBjbGFzcyUzRCUyMmZhJTIwZmEtZmFjZWJvb2slMjIlM0UlM0MlMkZpJTNFJTIwJTNDJTJGYSUzRSUwQSUzQyUyRmxpJTNFJTBBJTNDbGklMjBjbGFzcyUzRCUyMnR3aXR0ZXIlMjIlM0UlMjAlMEElMDklM0NhJTIwcmVsJTNEJTIybm9mb2xsb3clMjIlMjB0YXJnZXQlM0QlMjJfYmxhbmslMjIlMjBocmVmJTNEJTIyJTIzJTIyJTIwdGl0bGUlM0QlMjJUd2l0dGVyJTIyJTIwY2xhc3MlM0QlMjJ0cmFzaXRpb24tYWxsJTIyJTNFJTNDaSUyMGNsYXNzJTNEJTIyZmElMjBmYS10d2l0dGVyJTIyJTNFJTNDJTJGaSUzRSUyMCUzQyUyRmElM0UlMEElM0MlMkZsaSUzRSUwQSUzQ2xpJTIwY2xhc3MlM0QlMjJnb29nbGUtcGx1cyUyMiUzRSUyMCUwQSUwOSUzQ2ElMjByZWwlM0QlMjJub2ZvbGxvdyUyMiUyMHRhcmdldCUzRCUyMl9ibGFuayUyMiUyMGhyZWYlM0QlMjIlMjMlMjIlMjB0aXRsZSUzRCUyMkdvb2dsZSUyMFBsdXMlMjIlMjBjbGFzcyUzRCUyMnRyYXNpdGlvbi1hbGwlMjIlM0UlM0NpJTIwY2xhc3MlM0QlMjJmYSUyMGZhLWdvb2dsZS1wbHVzJTIyJTNFJTNDJTJGaSUzRSUyMCUzQyUyRmElM0UlMEElM0MlMkZsaSUzRSUwQSUzQ2xpJTIwY2xhc3MlM0QlMjJlbWFpbCUyMiUzRSUyMCUwQSUwOSUzQ2ElMjByZWwlM0QlMjJub2ZvbGxvdyUyMiUyMHRhcmdldCUzRCUyMl9ibGFuayUyMiUyMGhyZWYlM0QlMjIlMjMlMjIlMjB0aXRsZSUzRCUyMkVtYWlsJTIyJTIwY2xhc3MlM0QlMjJ0cmFzaXRpb24tYWxsJTIyJTNFJTNDaSUyMGNsYXNzJTNEJTIyZmElMjBmYS1lbnZlbG9wZSUyMiUzRSUzQyUyRmklM0UlMjAlM0MlMkZhJTNFJTBBJTNDJTJGbGklM0UlMEElM0MlMkZ1bCUzRQ==[\/vc_raw_html][\/vc_column][vc_column width=\u00a0\u00bb2\/3&Prime; css=\u00a0\u00bb.vc_custom_1435915753820{margin-top: -8px !important;padding-top: 0px !important;}\u00a0\u00bb][\/vc_column][\/vc_row][vc_row][vc_column][vc_column_text]Scooteo, responsable de traitement, collecte des donn\u00e9es pour faire suite \u00e0 votre demande de contact sur la base de votre consentement. Vos [&hellip;]<\/p>\n","protected":false},"author":2,"featured_media":0,"parent":0,"menu_order":0,"comment_status":"open","ping_status":"open","template":"","meta":{"footnotes":""},"yoast_head":"<!-- This site is optimized with the Yoast SEO plugin v22.9 - https:\/\/yoast.com\/wordpress\/plugins\/seo\/ -->\n<title>CONTACT - #RoadbookScooteo<\/title>\n<meta name=\"robots\" content=\"index, follow, max-snippet:-1, max-image-preview:large, max-video-preview:-1\" \/>\n<link rel=\"canonical\" href=\"https:\/\/www.scooteo.com\/roadbook\/contact\/\" \/>\n<meta property=\"og:locale\" content=\"fr_FR\" \/>\n<meta property=\"og:type\" content=\"article\" \/>\n<meta property=\"og:title\" content=\"CONTACT - #RoadbookScooteo\" \/>\n<meta property=\"og:description\" content=\"[vc_row css=\u00a0\u00bb.vc_custom_1435915802013{margin-top: 50px !important;}\u00a0\u00bb][vc_column width=\u00a0\u00bb1\/3&Prime;][vc_column_text] \u00c0 VOTRE \u00c9COUTE au 03 20 28 62 31. Du lundi au vendredi de 9h \u00e0 12h et de 14h \u00e0 18h. contact@scooteo.com[\/vc_column_text][vc_raw_html]JTNDdWwlMjBjbGFzcyUzRCUyMnNvY2lhbC1saXN0aW5nJTIwbGlzdC1pbmxpbmUlMjBjaGFuZ2UtY29sb3IlMjIlM0UlMEElM0NsaSUyMGNsYXNzJTNEJTIyZmFjZWJvb2slMjIlM0UlMjAlMEElMDklM0NhJTIwcmVsJTNEJTIybm9mb2xsb3clMjIlMjB0YXJnZXQlM0QlMjJfYmxhbmslMjIlMjBocmVmJTNEJTIyJTIzJTIyJTIwdGl0bGUlM0QlMjJGYWNlYm9vayUyMiUyMGNsYXNzJTNEJTIydHJhc2l0aW9uLWFsbCUyMiUzRSUzQ2klMjBjbGFzcyUzRCUyMmZhJTIwZmEtZmFjZWJvb2slMjIlM0UlM0MlMkZpJTNFJTIwJTNDJTJGYSUzRSUwQSUzQyUyRmxpJTNFJTBBJTNDbGklMjBjbGFzcyUzRCUyMnR3aXR0ZXIlMjIlM0UlMjAlMEElMDklM0NhJTIwcmVsJTNEJTIybm9mb2xsb3clMjIlMjB0YXJnZXQlM0QlMjJfYmxhbmslMjIlMjBocmVmJTNEJTIyJTIzJTIyJTIwdGl0bGUlM0QlMjJUd2l0dGVyJTIyJTIwY2xhc3MlM0QlMjJ0cmFzaXRpb24tYWxsJTIyJTNFJTNDaSUyMGNsYXNzJTNEJTIyZmElMjBmYS10d2l0dGVyJTIyJTNFJTNDJTJGaSUzRSUyMCUzQyUyRmElM0UlMEElM0MlMkZsaSUzRSUwQSUzQ2xpJTIwY2xhc3MlM0QlMjJnb29nbGUtcGx1cyUyMiUzRSUyMCUwQSUwOSUzQ2ElMjByZWwlM0QlMjJub2ZvbGxvdyUyMiUyMHRhcmdldCUzRCUyMl9ibGFuayUyMiUyMGhyZWYlM0QlMjIlMjMlMjIlMjB0aXRsZSUzRCUyMkdvb2dsZSUyMFBsdXMlMjIlMjBjbGFzcyUzRCUyMnRyYXNpdGlvbi1hbGwlMjIlM0UlM0NpJTIwY2xhc3MlM0QlMjJmYSUyMGZhLWdvb2dsZS1wbHVzJTIyJTNFJTNDJTJGaSUzRSUyMCUzQyUyRmElM0UlMEElM0MlMkZsaSUzRSUwQSUzQ2xpJTIwY2xhc3MlM0QlMjJlbWFpbCUyMiUzRSUyMCUwQSUwOSUzQ2ElMjByZWwlM0QlMjJub2ZvbGxvdyUyMiUyMHRhcmdldCUzRCUyMl9ibGFuayUyMiUyMGhyZWYlM0QlMjIlMjMlMjIlMjB0aXRsZSUzRCUyMkVtYWlsJTIyJTIwY2xhc3MlM0QlMjJ0cmFzaXRpb24tYWxsJTIyJTNFJTNDaSUyMGNsYXNzJTNEJTIyZmElMjBmYS1lbnZlbG9wZSUyMiUzRSUzQyUyRmklM0UlMjAlM0MlMkZhJTNFJTBBJTNDJTJGbGklM0UlMEElM0MlMkZ1bCUzRQ==[\/vc_raw_html][\/vc_column][vc_column width=\u00a0\u00bb2\/3&Prime; css=\u00a0\u00bb.vc_custom_1435915753820{margin-top: -8px !important;padding-top: 0px !important;}\u00a0\u00bb][\/vc_column][\/vc_row][vc_row][vc_column][vc_column_text]Scooteo, responsable de traitement, collecte des donn\u00e9es pour faire suite \u00e0 votre demande de contact sur la base de votre consentement. Vos [&hellip;]\" \/>\n<meta property=\"og:url\" content=\"https:\/\/www.scooteo.com\/roadbook\/contact\/\" \/>\n<meta property=\"og:site_name\" content=\"#RoadbookScooteo\" \/>\n<meta property=\"article:publisher\" content=\"https:\/\/www.facebook.com\/scooteo\/\" \/>\n<meta property=\"article:modified_time\" content=\"2019-05-03T12:51:15+00:00\" \/>\n<meta name=\"twitter:card\" content=\"summary_large_image\" \/>\n<meta name=\"twitter:label1\" content=\"Dur\u00e9e de lecture estim\u00e9e\" \/>\n\t<meta name=\"twitter:data1\" content=\"1 minute\" \/>\n<script type=\"application\/ld+json\" class=\"yoast-schema-graph\">{\"@context\":\"https:\/\/schema.org\",\"@graph\":[{\"@type\":\"WebPage\",\"@id\":\"https:\/\/www.scooteo.com\/roadbook\/contact\/\",\"url\":\"https:\/\/www.scooteo.com\/roadbook\/contact\/\",\"name\":\"CONTACT - #RoadbookScooteo\",\"isPartOf\":{\"@id\":\"https:\/\/www.scooteo.com\/roadbook\/#website\"},\"datePublished\":\"2015-04-15T06:36:10+00:00\",\"dateModified\":\"2019-05-03T12:51:15+00:00\",\"breadcrumb\":{\"@id\":\"https:\/\/www.scooteo.com\/roadbook\/contact\/#breadcrumb\"},\"inLanguage\":\"fr-FR\",\"potentialAction\":[{\"@type\":\"ReadAction\",\"target\":[\"https:\/\/www.scooteo.com\/roadbook\/contact\/\"]}]},{\"@type\":\"BreadcrumbList\",\"@id\":\"https:\/\/www.scooteo.com\/roadbook\/contact\/#breadcrumb\",\"itemListElement\":[{\"@type\":\"ListItem\",\"position\":1,\"name\":\"Accueil\",\"item\":\"https:\/\/www.scooteo.com\/roadbook\/\"},{\"@type\":\"ListItem\",\"position\":2,\"name\":\"CONTACT\"}]},{\"@type\":\"WebSite\",\"@id\":\"https:\/\/www.scooteo.com\/roadbook\/#website\",\"url\":\"https:\/\/www.scooteo.com\/roadbook\/\",\"name\":\"#RoadbookScooteo\",\"description\":\"Une mine d&#039;informations pour rouler pratique\",\"potentialAction\":[{\"@type\":\"SearchAction\",\"target\":{\"@type\":\"EntryPoint\",\"urlTemplate\":\"https:\/\/www.scooteo.com\/roadbook\/?s={search_term_string}\"},\"query-input\":\"required name=search_term_string\"}],\"inLanguage\":\"fr-FR\"}]}<\/script>\n<!-- \/ Yoast SEO plugin. -->","yoast_head_json":{"title":"CONTACT - #RoadbookScooteo","robots":{"index":"index","follow":"follow","max-snippet":"max-snippet:-1","max-image-preview":"max-image-preview:large","max-video-preview":"max-video-preview:-1"},"canonical":"https:\/\/www.scooteo.com\/roadbook\/contact\/","og_locale":"fr_FR","og_type":"article","og_title":"CONTACT - #RoadbookScooteo","og_description":"[vc_row css=\u00a0\u00bb.vc_custom_1435915802013{margin-top: 50px !important;}\u00a0\u00bb][vc_column width=\u00a0\u00bb1\/3&Prime;][vc_column_text] \u00c0 VOTRE \u00c9COUTE au 03 20 28 62 31. Du lundi au vendredi de 9h \u00e0 12h et de 14h \u00e0 18h. contact@scooteo.com[\/vc_column_text][vc_raw_html]JTNDdWwlMjBjbGFzcyUzRCUyMnNvY2lhbC1saXN0aW5nJTIwbGlzdC1pbmxpbmUlMjBjaGFuZ2UtY29sb3IlMjIlM0UlMEElM0NsaSUyMGNsYXNzJTNEJTIyZmFjZWJvb2slMjIlM0UlMjAlMEElMDklM0NhJTIwcmVsJTNEJTIybm9mb2xsb3clMjIlMjB0YXJnZXQlM0QlMjJfYmxhbmslMjIlMjBocmVmJTNEJTIyJTIzJTIyJTIwdGl0bGUlM0QlMjJGYWNlYm9vayUyMiUyMGNsYXNzJTNEJTIydHJhc2l0aW9uLWFsbCUyMiUzRSUzQ2klMjBjbGFzcyUzRCUyMmZhJTIwZmEtZmFjZWJvb2slMjIlM0UlM0MlMkZpJTNFJTIwJTNDJTJGYSUzRSUwQSUzQyUyRmxpJTNFJTBBJTNDbGklMjBjbGFzcyUzRCUyMnR3aXR0ZXIlMjIlM0UlMjAlMEElMDklM0NhJTIwcmVsJTNEJTIybm9mb2xsb3clMjIlMjB0YXJnZXQlM0QlMjJfYmxhbmslMjIlMjBocmVmJTNEJTIyJTIzJTIyJTIwdGl0bGUlM0QlMjJUd2l0dGVyJTIyJTIwY2xhc3MlM0QlMjJ0cmFzaXRpb24tYWxsJTIyJTNFJTNDaSUyMGNsYXNzJTNEJTIyZmElMjBmYS10d2l0dGVyJTIyJTNFJTNDJTJGaSUzRSUyMCUzQyUyRmElM0UlMEElM0MlMkZsaSUzRSUwQSUzQ2xpJTIwY2xhc3MlM0QlMjJnb29nbGUtcGx1cyUyMiUzRSUyMCUwQSUwOSUzQ2ElMjByZWwlM0QlMjJub2ZvbGxvdyUyMiUyMHRhcmdldCUzRCUyMl9ibGFuayUyMiUyMGhyZWYlM0QlMjIlMjMlMjIlMjB0aXRsZSUzRCUyMkdvb2dsZSUyMFBsdXMlMjIlMjBjbGFzcyUzRCUyMnRyYXNpdGlvbi1hbGwlMjIlM0UlM0NpJTIwY2xhc3MlM0QlMjJmYSUyMGZhLWdvb2dsZS1wbHVzJTIyJTNFJTNDJTJGaSUzRSUyMCUzQyUyRmElM0UlMEElM0MlMkZsaSUzRSUwQSUzQ2xpJTIwY2xhc3MlM0QlMjJlbWFpbCUyMiUzRSUyMCUwQSUwOSUzQ2ElMjByZWwlM0QlMjJub2ZvbGxvdyUyMiUyMHRhcmdldCUzRCUyMl9ibGFuayUyMiUyMGhyZWYlM0QlMjIlMjMlMjIlMjB0aXRsZSUzRCUyMkVtYWlsJTIyJTIwY2xhc3MlM0QlMjJ0cmFzaXRpb24tYWxsJTIyJTNFJTNDaSUyMGNsYXNzJTNEJTIyZmElMjBmYS1lbnZlbG9wZSUyMiUzRSUzQyUyRmklM0UlMjAlM0MlMkZhJTNFJTBBJTNDJTJGbGklM0UlMEElM0MlMkZ1bCUzRQ==[\/vc_raw_html][\/vc_column][vc_column width=\u00a0\u00bb2\/3&Prime; css=\u00a0\u00bb.vc_custom_1435915753820{margin-top: -8px !important;padding-top: 0px !important;}\u00a0\u00bb][\/vc_column][\/vc_row][vc_row][vc_column][vc_column_text]Scooteo, responsable de traitement, collecte des donn\u00e9es pour faire suite \u00e0 votre demande de contact sur la base de votre consentement. Vos [&hellip;]","og_url":"https:\/\/www.scooteo.com\/roadbook\/contact\/","og_site_name":"#RoadbookScooteo","article_publisher":"https:\/\/www.facebook.com\/scooteo\/","article_modified_time":"2019-05-03T12:51:15+00:00","twitter_card":"summary_large_image","twitter_misc":{"Dur\u00e9e de lecture estim\u00e9e":"1 minute"},"schema":{"@context":"https:\/\/schema.org","@graph":[{"@type":"WebPage","@id":"https:\/\/www.scooteo.com\/roadbook\/contact\/","url":"https:\/\/www.scooteo.com\/roadbook\/contact\/","name":"CONTACT - #RoadbookScooteo","isPartOf":{"@id":"https:\/\/www.scooteo.com\/roadbook\/#website"},"datePublished":"2015-04-15T06:36:10+00:00","dateModified":"2019-05-03T12:51:15+00:00","breadcrumb":{"@id":"https:\/\/www.scooteo.com\/roadbook\/contact\/#breadcrumb"},"inLanguage":"fr-FR","potentialAction":[{"@type":"ReadAction","target":["https:\/\/www.scooteo.com\/roadbook\/contact\/"]}]},{"@type":"BreadcrumbList","@id":"https:\/\/www.scooteo.com\/roadbook\/contact\/#breadcrumb","itemListElement":[{"@type":"ListItem","position":1,"name":"Accueil","item":"https:\/\/www.scooteo.com\/roadbook\/"},{"@type":"ListItem","position":2,"name":"CONTACT"}]},{"@type":"WebSite","@id":"https:\/\/www.scooteo.com\/roadbook\/#website","url":"https:\/\/www.scooteo.com\/roadbook\/","name":"#RoadbookScooteo","description":"Une mine d&#039;informations pour rouler pratique","potentialAction":[{"@type":"SearchAction","target":{"@type":"EntryPoint","urlTemplate":"https:\/\/www.scooteo.com\/roadbook\/?s={search_term_string}"},"query-input":"required name=search_term_string"}],"inLanguage":"fr-FR"}]}},"_links":{"self":[{"href":"https:\/\/www.scooteo.com\/roadbook\/wp-json\/wp\/v2\/pages\/2605"}],"collection":[{"href":"https:\/\/www.scooteo.com\/roadbook\/wp-json\/wp\/v2\/pages"}],"about":[{"href":"https:\/\/www.scooteo.com\/roadbook\/wp-json\/wp\/v2\/types\/page"}],"author":[{"embeddable":true,"href":"https:\/\/www.scooteo.com\/roadbook\/wp-json\/wp\/v2\/users\/2"}],"replies":[{"embeddable":true,"href":"https:\/\/www.scooteo.com\/roadbook\/wp-json\/wp\/v2\/comments?post=2605"}],"version-history":[{"count":6,"href":"https:\/\/www.scooteo.com\/roadbook\/wp-json\/wp\/v2\/pages\/2605\/revisions"}],"predecessor-version":[{"id":7313,"href":"https:\/\/www.scooteo.com\/roadbook\/wp-json\/wp\/v2\/pages\/2605\/revisions\/7313"}],"wp:attachment":[{"href":"https:\/\/www.scooteo.com\/roadbook\/wp-json\/wp\/v2\/media?parent=2605"}],"curies":[{"name":"wp","href":"https:\/\/api.w.org\/{rel}","templated":true}]}}