{"id":6657,"date":"2017-09-14T10:48:37","date_gmt":"2017-09-14T08:48:37","guid":{"rendered":"https:\/\/www.scooteo.com\/roadbook\/\/?page_id=6657"},"modified":"2019-05-20T16:25:05","modified_gmt":"2019-05-20T14:25:05","slug":"mentions-legales","status":"publish","type":"page","link":"https:\/\/www.scooteo.com\/roadbook\/mentions-legales\/","title":{"rendered":"Mentions l\u00e9gales"},"content":{"rendered":"<div id=\"ez-toc-container\" class=\"ez-toc-v2_0_67_1 counter-hierarchy ez-toc-counter ez-toc-grey ez-toc-container-direction\">\n<div class=\"ez-toc-title-container\">\n<p class=\"ez-toc-title \" >Tables des mati&egrave;res<\/p>\n<span class=\"ez-toc-title-toggle\"><a href=\"#\" class=\"ez-toc-pull-right ez-toc-btn ez-toc-btn-xs ez-toc-btn-default ez-toc-toggle\" aria-label=\"Toggle Table of Content\"><span class=\"ez-toc-js-icon-con\"><span class=\"\"><span class=\"eztoc-hide\" style=\"display:none;\">Toggle<\/span><span class=\"ez-toc-icon-toggle-span\"><svg style=\"fill: #999;color:#999\" xmlns=\"http:\/\/www.w3.org\/2000\/svg\" class=\"list-377408\" width=\"20px\" height=\"20px\" viewBox=\"0 0 24 24\" fill=\"none\"><path d=\"M6 6H4v2h2V6zm14 0H8v2h12V6zM4 11h2v2H4v-2zm16 0H8v2h12v-2zM4 16h2v2H4v-2zm16 0H8v2h12v-2z\" fill=\"currentColor\"><\/path><\/svg><svg style=\"fill: #999;color:#999\" class=\"arrow-unsorted-368013\" xmlns=\"http:\/\/www.w3.org\/2000\/svg\" width=\"10px\" height=\"10px\" viewBox=\"0 0 24 24\" version=\"1.2\" baseProfile=\"tiny\"><path d=\"M18.2 9.3l-6.2-6.3-6.2 6.3c-.2.2-.3.4-.3.7s.1.5.3.7c.2.2.4.3.7.3h11c.3 0 .5-.1.7-.3.2-.2.3-.5.3-.7s-.1-.5-.3-.7zM5.8 14.7l6.2 6.3 6.2-6.3c.2-.2.3-.5.3-.7s-.1-.5-.3-.7c-.2-.2-.4-.3-.7-.3h-11c-.3 0-.5.1-.7.3-.2.2-.3.5-.3.7s.1.5.3.7z\"\/><\/svg><\/span><\/span><\/span><\/a><\/span><\/div>\n<nav><ul class='ez-toc-list ez-toc-list-level-1 ' ><li class='ez-toc-page-1 ez-toc-heading-level-3'><a class=\"ez-toc-link ez-toc-heading-1\" href=\"https:\/\/www.scooteo.com\/roadbook\/mentions-legales\/#Hebergeur_du_site\" title=\"H\u00e9bergeur du site\">H\u00e9bergeur du site<\/a><\/li><li class='ez-toc-page-1 ez-toc-heading-level-3'><a class=\"ez-toc-link ez-toc-heading-2\" href=\"https:\/\/www.scooteo.com\/roadbook\/mentions-legales\/#Conception_et_production\" title=\"Conception et production\">Conception et production<\/a><\/li><li class='ez-toc-page-1 ez-toc-heading-level-3'><a class=\"ez-toc-link ez-toc-heading-3\" href=\"https:\/\/www.scooteo.com\/roadbook\/mentions-legales\/#Propriete_intellectuelle\" title=\"Propri\u00e9t\u00e9 intellectuelle\">Propri\u00e9t\u00e9 intellectuelle<\/a><\/li><li class='ez-toc-page-1 ez-toc-heading-level-3'><a class=\"ez-toc-link ez-toc-heading-4\" href=\"https:\/\/www.scooteo.com\/roadbook\/mentions-legales\/#Donnees_nominatives\" title=\"Donn\u00e9es nominatives\">Donn\u00e9es nominatives<\/a><\/li><li class='ez-toc-page-1 ez-toc-heading-level-3'><a class=\"ez-toc-link ez-toc-heading-5\" href=\"https:\/\/www.scooteo.com\/roadbook\/mentions-legales\/#Cookies\" title=\"Cookies\">Cookies<\/a><\/li><li class='ez-toc-page-1 ez-toc-heading-level-3'><a class=\"ez-toc-link ez-toc-heading-6\" href=\"https:\/\/www.scooteo.com\/roadbook\/mentions-legales\/#Contact\" title=\"Contact\">Contact<\/a><\/li><\/ul><\/nav><\/div>\n<div class=\"wpb-content-wrapper\"><div class=\"rte\">\n<div class=\"vc_row wpb_row vc_row-fluid\">\n<div class=\"vc_col-sm-12 wpb_column vc_column_container\">\n<div class=\"wpb_wrapper\">\n<div class=\"vc_custom_heading wpb_content_element\">Le RoadBook de Scooteo est le blog du site Scooteo.com exploit\u00e9 par TETROSYL France SAS, soci\u00e9t\u00e9 au capital de \u20ac 90.060, dont le si\u00e8ge social est situ\u00e9 au 40 Avenue Cl\u00e9ment Ader \u2013 59.874 Wambrechies \u2013 France &#8211;\u00a0 et immatricul\u00e9e au RCS de Lille M\u00e9tropole sous le num\u00e9ro 339\u00a0872\u00a0251<\/div>\n<div class=\"vc_custom_heading wpb_content_element\">\n<h3><span class=\"ez-toc-section\" id=\"Hebergeur_du_site\"><\/span>H\u00e9bergeur du site<span class=\"ez-toc-section-end\"><\/span><\/h3>\n<\/div>\n<div class=\"wpb_text_column wpb_content_element \">\n<div class=\"wpb_wrapper\">\n<p>Soci\u00e9t\u00e9 Nexylan SAS<\/p>\n<p>25 Rue Corneille &#8211; 59100 Roubaix &#8211; FRANCE<\/p>\n<\/div>\n<\/div>\n<div class=\"vc_custom_heading wpb_content_element\">\n<h3><span class=\"ez-toc-section\" id=\"Conception_et_production\"><\/span>Conception et production<span class=\"ez-toc-section-end\"><\/span><\/h3>\n<\/div>\n<div class=\"wpb_text_column wpb_content_element \">\n<div class=\"wpb_wrapper\">\n<p>Cette boutique en ligne a \u00e9t\u00e9 cr\u00e9\u00e9e \u00e0 l&rsquo;aide du\u00a0<a href=\"https:\/\/fr.wordpress.com\/\">logiciel WordPress<\/a>.<\/p>\n<\/div>\n<\/div>\n<div class=\"vc_custom_heading wpb_content_element\">\n<h3><span class=\"ez-toc-section\" id=\"Propriete_intellectuelle\"><\/span>Propri\u00e9t\u00e9 intellectuelle<span class=\"ez-toc-section-end\"><\/span><\/h3>\n<\/div>\n<div class=\"wpb_text_column wpb_content_element \">\n<div class=\"wpb_wrapper\">\n<p>Tous les textes, commentaires, ouvrages, illustrations et images reproduits sur le site www.scooteo.com\/roadbook\/ sont prot\u00e9g\u00e9s au titre du droit d\u2019auteur, droit des marques, droit des brevets et droit \u00e0 l\u2019image. Ils sont la propri\u00e9t\u00e9 pleine et enti\u00e8re de www.scooteo.com\/roadbook\/. A ce titre et conform\u00e9ment aux dispositions du Code de la propri\u00e9t\u00e9 intellectuelle, seule l\u2019utilisation pour un usage priv\u00e9 sous r\u00e9serve de dispositions diff\u00e9rentes voire plus restrictives du code de la propri\u00e9t\u00e9 intellectuelle, est autoris\u00e9e.<\/p>\n<p>Toute autre utilisation est constitutive de contrefa\u00e7on et sanctionn\u00e9e au titre de la propri\u00e9t\u00e9 intellectuelle sauf autorisation pr\u00e9alable du RoadBook Scooteo. Toute reproduction totale ou partielle du contenu du blog RoadBook Scooteo est strictement interdite. Tout lien, m\u00eame tacitement autoris\u00e9, renvoyant vers le blog RoadBook Scooteo, devra \u00eatre retir\u00e9 sur simple demande du Roadbook Scooteo.<\/p>\n<\/div>\n<\/div>\n<div class=\"vc_custom_heading wpb_content_element\">\n<h3><span class=\"ez-toc-section\" id=\"Donnees_nominatives\"><\/span>Donn\u00e9es nominatives<span class=\"ez-toc-section-end\"><\/span><\/h3>\n<\/div>\n<div class=\"wpb_text_column wpb_content_element \">\n<div class=\"wpb_wrapper\">\n<p>RoadBook.scooteo.com, pour les besoins du service, se r\u00e9serve le droit de collecter des donn\u00e9es nominatives relatives aux utilisateurs du site, notamment par le biais de \u00ab cookies \u00bb vis\u00e9s \u00e0 l&rsquo;article 10.<\/p>\n<p>Dans tous les cas, et conform\u00e9ment \u00e0 la loi n\u00b078-17 du 06 janvier 1978, tout utilisateur ou client du site peut \u00e0 tout moment s&rsquo;opposer \u00e0 l&rsquo;utilisation commerciale des dites donn\u00e9es et b\u00e9n\u00e9ficie en outre d&rsquo;un droit d&rsquo;acc\u00e8s, de rectification et de suppression des donn\u00e9es le concernant.<\/p>\n<p>Toutes les demandes relatives au pr\u00e9sent article devront \u00eatre envoy\u00e9es par courrier \u00e9lectronique \u00e0 l&rsquo;adresse roadbook@scooteo.com<\/p>\n<\/div>\n<\/div>\n<div class=\"vc_custom_heading wpb_content_element\">\n<h3><span class=\"ez-toc-section\" id=\"Cookies\"><\/span>Cookies<span class=\"ez-toc-section-end\"><\/span><\/h3>\n<\/div>\n<div class=\"wpb_text_column wpb_content_element \">\n<div class=\"wpb_wrapper\">\n<p>Le RoadBook Scooteo vous informe que des cookies sont d\u00e9pos\u00e9s sur votre ordinateur, votre mobile ou votre tablette quand vous utilisez et naviguez sur le site www.www.scooteo.com\/roadbook\/<\/p>\n<p>Les cookies sont de petits fichiers utilis\u00e9s pour faciliter votre navigation sur le site qui contiennent des donn\u00e9es relatives \u00e0 la navigation.<\/p>\n<p>Les cookies pr\u00e9sents sur le site sont des cookies propres au fonctionnement et d\u00e9pos\u00e9s sur le\u00a0 navigateur du Client. Roadbook Scooteo les utilise pour g\u00e9rer votre identification (compte client, panier, commande. Ces cookies ne contiennent pas d\u2019informations personnelles qui sont elles stock\u00e9es au sein du compte client. RoadBook Scooteo a sign\u00e9 des accords avec des partenaires qui interviennent pour le suivi de statistiques (Google Analytics) ou dans le cadre d\u2019op\u00e9rations publicitaires (r\u00e9gies publicitaires, plateformes d\u2019affiliation). Ces partenaires peuvent \u00eatre amen\u00e9s \u00e0 d\u00e9poser \u00e9galement des cookies sur le navigateur. Ces cookies sont alors utilis\u00e9s exclusivement pour le recueil d\u2019informations non nominatives relatives aux prestations confi\u00e9es. Ces cookies peuvent servir \u00e0 personnaliser des publicit\u00e9s qui sont adress\u00e9es sur le site ou des sites partenaires.<\/p>\n<p>Le Client peut accepter ou refuser les cookies et peut g\u00e9rer ses pr\u00e9f\u00e9rences via le navigateur Internet. RoadBook Scooteo attire votre attention sur le fait que le refus des cookies n\u00e9cessaires au bon fonctionnement de www.www.scooteo.com\/roadbook\/ peut avoir pour cons\u00e9quence d\u2018emp\u00eacher de finaliser une commande sur le site.<\/p>\n<\/div>\n<\/div>\n<div class=\"vc_custom_heading wpb_content_element\">\n<h3><span class=\"ez-toc-section\" id=\"Contact\"><\/span>Contact<span class=\"ez-toc-section-end\"><\/span><\/h3>\n<\/div>\n<div class=\"wpb_text_column wpb_content_element \">\n<div class=\"wpb_wrapper\">\n<p>Pour toute information ou question, vous pouvez nous \u00e9crire \u00e0 roadbook@scooteo.com ou nous contacter par t\u00e9l\u00e9phone au 03.20.28.62.31 du lundi au vendredi de 9h00 \u00e0 12h00 et de 14h00 \u00e0 18h00. Nous nous ferons un plaisir de vous r\u00e9pondre le plus rapidement possible.<\/p>\n<\/div>\n<\/div>\n<\/div>\n<\/div>\n<\/div>\n<\/div>\n<\/div>","protected":false},"excerpt":{"rendered":"<p>Le RoadBook de Scooteo est le blog du site Scooteo.com exploit\u00e9 par TETROSYL France SAS, soci\u00e9t\u00e9 au capital de \u20ac 90.060, dont le si\u00e8ge social est situ\u00e9 au 40 Avenue Cl\u00e9ment Ader \u2013 59.874 Wambrechies \u2013 France &#8211;\u00a0 et immatricul\u00e9e au RCS de Lille M\u00e9tropole sous le num\u00e9ro 339\u00a0872\u00a0251 H\u00e9bergeur du site Soci\u00e9t\u00e9 Nexylan SAS [&hellip;]<\/p>\n","protected":false},"author":1,"featured_media":0,"parent":0,"menu_order":0,"comment_status":"closed","ping_status":"closed","template":"","meta":{"footnotes":""},"yoast_head":"<!-- This site is optimized with the Yoast SEO plugin v22.9 - https:\/\/yoast.com\/wordpress\/plugins\/seo\/ -->\n<title>Mentions l\u00e9gales - #RoadbookScooteo<\/title>\n<meta name=\"robots\" content=\"index, follow, max-snippet:-1, max-image-preview:large, max-video-preview:-1\" \/>\n<link rel=\"canonical\" href=\"https:\/\/www.scooteo.com\/roadbook\/mentions-legales\/\" \/>\n<meta property=\"og:locale\" content=\"fr_FR\" \/>\n<meta property=\"og:type\" content=\"article\" \/>\n<meta property=\"og:title\" content=\"Mentions l\u00e9gales - #RoadbookScooteo\" \/>\n<meta property=\"og:description\" content=\"Le RoadBook de Scooteo est le blog du site Scooteo.com exploit\u00e9 par TETROSYL France SAS, soci\u00e9t\u00e9 au capital de \u20ac 90.060, dont le si\u00e8ge social est situ\u00e9 au 40 Avenue Cl\u00e9ment Ader \u2013 59.874 Wambrechies \u2013 France &#8211;\u00a0 et immatricul\u00e9e au RCS de Lille M\u00e9tropole sous le num\u00e9ro 339\u00a0872\u00a0251 H\u00e9bergeur du site Soci\u00e9t\u00e9 Nexylan SAS [&hellip;]\" \/>\n<meta property=\"og:url\" content=\"https:\/\/www.scooteo.com\/roadbook\/mentions-legales\/\" \/>\n<meta property=\"og:site_name\" content=\"#RoadbookScooteo\" \/>\n<meta property=\"article:publisher\" content=\"https:\/\/www.facebook.com\/scooteo\/\" \/>\n<meta property=\"article:modified_time\" content=\"2019-05-20T14:25:05+00:00\" \/>\n<meta name=\"twitter:card\" content=\"summary_large_image\" \/>\n<meta name=\"twitter:label1\" content=\"Dur\u00e9e de lecture estim\u00e9e\" \/>\n\t<meta name=\"twitter:data1\" content=\"3 minutes\" \/>\n<script type=\"application\/ld+json\" class=\"yoast-schema-graph\">{\"@context\":\"https:\/\/schema.org\",\"@graph\":[{\"@type\":\"WebPage\",\"@id\":\"https:\/\/www.scooteo.com\/roadbook\/mentions-legales\/\",\"url\":\"https:\/\/www.scooteo.com\/roadbook\/mentions-legales\/\",\"name\":\"Mentions l\u00e9gales - #RoadbookScooteo\",\"isPartOf\":{\"@id\":\"https:\/\/www.scooteo.com\/roadbook\/#website\"},\"datePublished\":\"2017-09-14T08:48:37+00:00\",\"dateModified\":\"2019-05-20T14:25:05+00:00\",\"breadcrumb\":{\"@id\":\"https:\/\/www.scooteo.com\/roadbook\/mentions-legales\/#breadcrumb\"},\"inLanguage\":\"fr-FR\",\"potentialAction\":[{\"@type\":\"ReadAction\",\"target\":[\"https:\/\/www.scooteo.com\/roadbook\/mentions-legales\/\"]}]},{\"@type\":\"BreadcrumbList\",\"@id\":\"https:\/\/www.scooteo.com\/roadbook\/mentions-legales\/#breadcrumb\",\"itemListElement\":[{\"@type\":\"ListItem\",\"position\":1,\"name\":\"Accueil\",\"item\":\"https:\/\/www.scooteo.com\/roadbook\/\"},{\"@type\":\"ListItem\",\"position\":2,\"name\":\"Mentions l\u00e9gales\"}]},{\"@type\":\"WebSite\",\"@id\":\"https:\/\/www.scooteo.com\/roadbook\/#website\",\"url\":\"https:\/\/www.scooteo.com\/roadbook\/\",\"name\":\"#RoadbookScooteo\",\"description\":\"Une mine d&#039;informations pour rouler pratique\",\"potentialAction\":[{\"@type\":\"SearchAction\",\"target\":{\"@type\":\"EntryPoint\",\"urlTemplate\":\"https:\/\/www.scooteo.com\/roadbook\/?s={search_term_string}\"},\"query-input\":\"required name=search_term_string\"}],\"inLanguage\":\"fr-FR\"}]}<\/script>\n<!-- \/ Yoast SEO plugin. -->","yoast_head_json":{"title":"Mentions l\u00e9gales - #RoadbookScooteo","robots":{"index":"index","follow":"follow","max-snippet":"max-snippet:-1","max-image-preview":"max-image-preview:large","max-video-preview":"max-video-preview:-1"},"canonical":"https:\/\/www.scooteo.com\/roadbook\/mentions-legales\/","og_locale":"fr_FR","og_type":"article","og_title":"Mentions l\u00e9gales - #RoadbookScooteo","og_description":"Le RoadBook de Scooteo est le blog du site Scooteo.com exploit\u00e9 par TETROSYL France SAS, soci\u00e9t\u00e9 au capital de \u20ac 90.060, dont le si\u00e8ge social est situ\u00e9 au 40 Avenue Cl\u00e9ment Ader \u2013 59.874 Wambrechies \u2013 France &#8211;\u00a0 et immatricul\u00e9e au RCS de Lille M\u00e9tropole sous le num\u00e9ro 339\u00a0872\u00a0251 H\u00e9bergeur du site Soci\u00e9t\u00e9 Nexylan SAS [&hellip;]","og_url":"https:\/\/www.scooteo.com\/roadbook\/mentions-legales\/","og_site_name":"#RoadbookScooteo","article_publisher":"https:\/\/www.facebook.com\/scooteo\/","article_modified_time":"2019-05-20T14:25:05+00:00","twitter_card":"summary_large_image","twitter_misc":{"Dur\u00e9e de lecture estim\u00e9e":"3 minutes"},"schema":{"@context":"https:\/\/schema.org","@graph":[{"@type":"WebPage","@id":"https:\/\/www.scooteo.com\/roadbook\/mentions-legales\/","url":"https:\/\/www.scooteo.com\/roadbook\/mentions-legales\/","name":"Mentions l\u00e9gales - #RoadbookScooteo","isPartOf":{"@id":"https:\/\/www.scooteo.com\/roadbook\/#website"},"datePublished":"2017-09-14T08:48:37+00:00","dateModified":"2019-05-20T14:25:05+00:00","breadcrumb":{"@id":"https:\/\/www.scooteo.com\/roadbook\/mentions-legales\/#breadcrumb"},"inLanguage":"fr-FR","potentialAction":[{"@type":"ReadAction","target":["https:\/\/www.scooteo.com\/roadbook\/mentions-legales\/"]}]},{"@type":"BreadcrumbList","@id":"https:\/\/www.scooteo.com\/roadbook\/mentions-legales\/#breadcrumb","itemListElement":[{"@type":"ListItem","position":1,"name":"Accueil","item":"https:\/\/www.scooteo.com\/roadbook\/"},{"@type":"ListItem","position":2,"name":"Mentions l\u00e9gales"}]},{"@type":"WebSite","@id":"https:\/\/www.scooteo.com\/roadbook\/#website","url":"https:\/\/www.scooteo.com\/roadbook\/","name":"#RoadbookScooteo","description":"Une mine d&#039;informations pour rouler pratique","potentialAction":[{"@type":"SearchAction","target":{"@type":"EntryPoint","urlTemplate":"https:\/\/www.scooteo.com\/roadbook\/?s={search_term_string}"},"query-input":"required name=search_term_string"}],"inLanguage":"fr-FR"}]}},"_links":{"self":[{"href":"https:\/\/www.scooteo.com\/roadbook\/wp-json\/wp\/v2\/pages\/6657"}],"collection":[{"href":"https:\/\/www.scooteo.com\/roadbook\/wp-json\/wp\/v2\/pages"}],"about":[{"href":"https:\/\/www.scooteo.com\/roadbook\/wp-json\/wp\/v2\/types\/page"}],"author":[{"embeddable":true,"href":"https:\/\/www.scooteo.com\/roadbook\/wp-json\/wp\/v2\/users\/1"}],"replies":[{"embeddable":true,"href":"https:\/\/www.scooteo.com\/roadbook\/wp-json\/wp\/v2\/comments?post=6657"}],"version-history":[{"count":4,"href":"https:\/\/www.scooteo.com\/roadbook\/wp-json\/wp\/v2\/pages\/6657\/revisions"}],"predecessor-version":[{"id":7361,"href":"https:\/\/www.scooteo.com\/roadbook\/wp-json\/wp\/v2\/pages\/6657\/revisions\/7361"}],"wp:attachment":[{"href":"https:\/\/www.scooteo.com\/roadbook\/wp-json\/wp\/v2\/media?parent=6657"}],"curies":[{"name":"wp","href":"https:\/\/api.w.org\/{rel}","templated":true}]}}